{"id":1555,"date":"2023-09-04T09:56:05","date_gmt":"2023-09-04T07:56:05","guid":{"rendered":"https:\/\/priemariu.dev.cypas.lt\/musu-kambariai\/"},"modified":"2026-04-27T20:58:36","modified_gmt":"2026-04-27T18:58:36","slug":"our-rooms","status":"publish","type":"page","link":"https:\/\/www.priemariunida.lt\/en\/our-rooms\/","title":{"rendered":"Our rooms"},"content":{"rendered":"\t\t<div data-elementor-type=\"wp-page\" data-elementor-id=\"1555\" class=\"elementor elementor-1555 elementor-459\">\n\t\t\t\t\t\t<section class=\"elementor-section elementor-top-section elementor-element elementor-element-e86b08f elementor-section-boxed elementor-section-height-default elementor-section-height-default\" data-id=\"e86b08f\" data-element_type=\"section\" data-e-type=\"section\" data-settings=\"{&quot;hoteller_ext_is_background_parallax&quot;:&quot;false&quot;,&quot;hoteller_ext_is_background_on_scroll&quot;:&quot;false&quot;}\">\n\t\t\t\t\t\t<div class=\"elementor-container elementor-column-gap-default\">\n\t\t\t\t\t<div class=\"elementor-column elementor-col-66 elementor-top-column elementor-element elementor-element-15148b1\" data-id=\"15148b1\" data-element_type=\"column\" data-e-type=\"column\" data-settings=\"{&quot;hoteller_ext_is_smoove&quot;:&quot;true&quot;,&quot;hoteller_ext_smoove_duration&quot;:800,&quot;hoteller_ext_smoove_translatey&quot;:{&quot;unit&quot;:&quot;px&quot;,&quot;size&quot;:40,&quot;sizes&quot;:[]},&quot;hoteller_ext_link_sidemenu&quot;:&quot;false&quot;,&quot;hoteller_ext_link_fullmenu&quot;:&quot;false&quot;,&quot;hoteller_ext_link_closed_fullmenu&quot;:&quot;false&quot;,&quot;hoteller_ext_is_scrollme&quot;:&quot;false&quot;,&quot;hoteller_ext_smoove_disable&quot;:1,&quot;hoteller_ext_smoove_scalex&quot;:{&quot;unit&quot;:&quot;px&quot;,&quot;size&quot;:1,&quot;sizes&quot;:[]},&quot;hoteller_ext_smoove_scaley&quot;:{&quot;unit&quot;:&quot;px&quot;,&quot;size&quot;:1,&quot;sizes&quot;:[]},&quot;hoteller_ext_smoove_rotatex&quot;:{&quot;unit&quot;:&quot;px&quot;,&quot;size&quot;:0,&quot;sizes&quot;:[]},&quot;hoteller_ext_smoove_rotatey&quot;:{&quot;unit&quot;:&quot;px&quot;,&quot;size&quot;:0,&quot;sizes&quot;:[]},&quot;hoteller_ext_smoove_rotatez&quot;:{&quot;unit&quot;:&quot;px&quot;,&quot;size&quot;:0,&quot;sizes&quot;:[]},&quot;hoteller_ext_smoove_translatex&quot;:{&quot;unit&quot;:&quot;px&quot;,&quot;size&quot;:0,&quot;sizes&quot;:[]},&quot;hoteller_ext_smoove_translatez&quot;:{&quot;unit&quot;:&quot;px&quot;,&quot;size&quot;:0,&quot;sizes&quot;:[]},&quot;hoteller_ext_smoove_skewx&quot;:{&quot;unit&quot;:&quot;px&quot;,&quot;size&quot;:0,&quot;sizes&quot;:[]},&quot;hoteller_ext_smoove_skewy&quot;:{&quot;unit&quot;:&quot;px&quot;,&quot;size&quot;:0,&quot;sizes&quot;:[]},&quot;hoteller_ext_smoove_perspective&quot;:{&quot;unit&quot;:&quot;px&quot;,&quot;size&quot;:1000,&quot;sizes&quot;:[]},&quot;hoteller_ext_is_parallax_mouse&quot;:&quot;false&quot;,&quot;hoteller_ext_is_infinite&quot;:&quot;false&quot;,&quot;hoteller_ext_is_fadeout_animation&quot;:&quot;false&quot;,&quot;hoteller_ext_mobile_static&quot;:&quot;false&quot;}\">\n\t\t\t<div class=\"elementor-widget-wrap elementor-element-populated\">\n\t\t\t\t\t\t<div class=\"elementor-element elementor-element-c76bfce elementor-widget elementor-widget-heading\" data-id=\"c76bfce\" data-element_type=\"widget\" data-e-type=\"widget\" data-settings=\"{&quot;hoteller_ext_link_sidemenu&quot;:&quot;false&quot;,&quot;hoteller_ext_link_fullmenu&quot;:&quot;false&quot;,&quot;hoteller_ext_link_closed_fullmenu&quot;:&quot;false&quot;,&quot;hoteller_ext_is_scrollme&quot;:&quot;false&quot;,&quot;hoteller_ext_is_smoove&quot;:&quot;false&quot;,&quot;hoteller_ext_is_parallax_mouse&quot;:&quot;false&quot;,&quot;hoteller_ext_is_infinite&quot;:&quot;false&quot;,&quot;hoteller_ext_is_fadeout_animation&quot;:&quot;false&quot;,&quot;hoteller_ext_mobile_static&quot;:&quot;false&quot;}\" data-widget_type=\"heading.default\">\n\t\t\t\t<div class=\"elementor-widget-container\">\n\t\t\t\t\t<h1 class=\"elementor-heading-title elementor-size-default\">Our rooms<\/h1>\t\t\t\t<\/div>\n\t\t\t\t<\/div>\n\t\t\t\t<div class=\"elementor-element elementor-element-10ea76f elementor-widget elementor-widget-heading\" data-id=\"10ea76f\" data-element_type=\"widget\" data-e-type=\"widget\" data-settings=\"{&quot;hoteller_ext_link_sidemenu&quot;:&quot;false&quot;,&quot;hoteller_ext_link_fullmenu&quot;:&quot;false&quot;,&quot;hoteller_ext_link_closed_fullmenu&quot;:&quot;false&quot;,&quot;hoteller_ext_is_scrollme&quot;:&quot;false&quot;,&quot;hoteller_ext_is_smoove&quot;:&quot;false&quot;,&quot;hoteller_ext_is_parallax_mouse&quot;:&quot;false&quot;,&quot;hoteller_ext_is_infinite&quot;:&quot;false&quot;,&quot;hoteller_ext_is_fadeout_animation&quot;:&quot;false&quot;,&quot;hoteller_ext_mobile_static&quot;:&quot;false&quot;}\" data-widget_type=\"heading.default\">\n\t\t\t\t<div class=\"elementor-widget-container\">\n\t\t\t\t\t<h2 class=\"elementor-heading-title elementor-size-default\">Wake up to the gentle sound of waves crashing on the shore and step onto your private balcony to witness breathtaking sunrises. Where times slows down and the world feels just fine.<\/h2>\t\t\t\t<\/div>\n\t\t\t\t<\/div>\n\t\t\t\t\t<\/div>\n\t\t<\/div>\n\t\t\t\t<div class=\"elementor-column elementor-col-33 elementor-top-column elementor-element elementor-element-ea2744a\" data-id=\"ea2744a\" data-element_type=\"column\" data-e-type=\"column\" data-settings=\"{&quot;hoteller_ext_link_sidemenu&quot;:&quot;false&quot;,&quot;hoteller_ext_link_fullmenu&quot;:&quot;false&quot;,&quot;hoteller_ext_link_closed_fullmenu&quot;:&quot;false&quot;,&quot;hoteller_ext_is_scrollme&quot;:&quot;false&quot;,&quot;hoteller_ext_is_smoove&quot;:&quot;false&quot;,&quot;hoteller_ext_is_parallax_mouse&quot;:&quot;false&quot;,&quot;hoteller_ext_is_infinite&quot;:&quot;false&quot;,&quot;hoteller_ext_is_fadeout_animation&quot;:&quot;false&quot;,&quot;hoteller_ext_mobile_static&quot;:&quot;false&quot;}\">\n\t\t\t<div class=\"elementor-widget-wrap\">\n\t\t\t\t\t\t\t<\/div>\n\t\t<\/div>\n\t\t\t\t\t<\/div>\n\t\t<\/section>\n\t\t\t\t<section class=\"elementor-section elementor-top-section elementor-element elementor-element-86306cc elementor-section-boxed elementor-section-height-default elementor-section-height-default\" data-id=\"86306cc\" data-element_type=\"section\" data-e-type=\"section\" data-settings=\"{&quot;hoteller_ext_is_background_parallax&quot;:&quot;false&quot;,&quot;hoteller_ext_is_background_on_scroll&quot;:&quot;false&quot;}\">\n\t\t\t\t\t\t<div class=\"elementor-container elementor-column-gap-default\">\n\t\t\t\t\t<div class=\"elementor-column elementor-col-100 elementor-top-column elementor-element elementor-element-9fc3546\" data-id=\"9fc3546\" data-element_type=\"column\" data-e-type=\"column\" data-settings=\"{&quot;hoteller_ext_link_sidemenu&quot;:&quot;false&quot;,&quot;hoteller_ext_link_fullmenu&quot;:&quot;false&quot;,&quot;hoteller_ext_link_closed_fullmenu&quot;:&quot;false&quot;,&quot;hoteller_ext_is_scrollme&quot;:&quot;false&quot;,&quot;hoteller_ext_is_smoove&quot;:&quot;false&quot;,&quot;hoteller_ext_is_parallax_mouse&quot;:&quot;false&quot;,&quot;hoteller_ext_is_infinite&quot;:&quot;false&quot;,&quot;hoteller_ext_is_fadeout_animation&quot;:&quot;false&quot;,&quot;hoteller_ext_mobile_static&quot;:&quot;false&quot;}\">\n\t\t\t<div class=\"elementor-widget-wrap elementor-element-populated\">\n\t\t\t\t\t\t<div class=\"elementor-element elementor-element-af3d407 elementor-widget elementor-widget-hoteller-service-grid\" data-id=\"af3d407\" data-element_type=\"widget\" data-e-type=\"widget\" data-settings=\"{&quot;hoteller_ext_link_sidemenu&quot;:&quot;false&quot;,&quot;hoteller_ext_link_fullmenu&quot;:&quot;false&quot;,&quot;hoteller_ext_link_closed_fullmenu&quot;:&quot;false&quot;,&quot;hoteller_ext_is_scrollme&quot;:&quot;false&quot;,&quot;hoteller_ext_is_smoove&quot;:&quot;false&quot;,&quot;hoteller_ext_is_parallax_mouse&quot;:&quot;false&quot;,&quot;hoteller_ext_is_infinite&quot;:&quot;false&quot;,&quot;hoteller_ext_is_fadeout_animation&quot;:&quot;false&quot;,&quot;hoteller_ext_mobile_static&quot;:&quot;false&quot;}\" data-widget_type=\"hoteller-service-grid.default\">\n\t\t\t\t<div class=\"elementor-widget-container\">\n\t\t\t\t\t<div class=\"service-grid-container\">\n<div class=\"service-grid-content-wrapper layout-tg_three_cols \" data-cols=\"3\" data-offset=\"-50%\">\n\t\t<div class=\"service-grid-wrapper tg_three_cols   service-1 tile scale-anm all smoove disable_tablet slide-up\" data-delay=\"150\" data-minwidth=\"769\" data-move-y=\"60px\" style=\"background-image: url('https:\/\/www.priemariunida.lt\/wp-content\/uploads\/2026\/04\/PHT-076.png');\">\n\t\t\t\t\t\t<a class=\"service-grid-link\" href=\"\/en\/accommodation\/deluxe-double-room-with-balcony\/\" ><\/a>\n\t\t\t\t\t\t<div class=\"inner-wrap\">\n\t\t\t\t<div class=\"inner-wrap-border\">\n\t\t\t\t\t<div class=\"overflow-inner\">\n\t\t\t\t\t\t<div class=\"header-wrap\">\n\t\t\t\t\t\t\t\t\t\t\t\t\t\t<h2 class=\"service\">Deluxe Double Room with Balcony<\/h2>\n\t\t\t\t\t\t<\/div>\n\t\t\t\t\t\t<div class=\"hover-content\">\n\t\t\t\t\t\t\t<p>Size: 27 m<sup>2<\/sup><br \/>Occuancy: 3 adults<br \/><span lang=\"en-GB\">1 double bed and 1 sofa<br \/><\/span><span lang=\"en-GB\">Bathroom: walk-in shower<\/span><\/p>\t\t\t\t\t\t<\/div>\n\t\t\t\t\t<\/div>\n\t\t\t\t<\/div>\n\t\t\t<\/div>\n\t\t<\/div>\n\t\t<div class=\"service-grid-wrapper tg_three_cols   service-2 tile scale-anm all smoove disable_tablet slide-up\" data-delay=\"300\" data-minwidth=\"769\" data-move-y=\"60px\" style=\"background-image: url('https:\/\/www.priemariunida.lt\/wp-content\/uploads\/2024\/05\/PHT-064-1-683x1024.png');\">\n\t\t\t\t\t\t<a class=\"service-grid-link\" href=\"\/en\/accommodation\/deluxe-double-room-with-balcony-and-lagoon-view\/\" ><\/a>\n\t\t\t\t\t\t<div class=\"inner-wrap\">\n\t\t\t\t<div class=\"inner-wrap-border\">\n\t\t\t\t\t<div class=\"overflow-inner\">\n\t\t\t\t\t\t<div class=\"header-wrap\">\n\t\t\t\t\t\t\t\t\t\t\t\t\t\t<h2 class=\"service\">Deluxe Double Room with Balcony and Lagoon View<\/h2>\n\t\t\t\t\t\t<\/div>\n\t\t\t\t\t\t<div class=\"hover-content\">\n\t\t\t\t\t\t\t<p>Size: 22 m<sup>2<\/sup><br \/>Occupancy: 2 adults<br \/><span lang=\"en-GB\">1 double bed<br \/><\/span><span lang=\"en-GB\">Bathroom: walk-in shower<\/span><\/p>\t\t\t\t\t\t<\/div>\n\t\t\t\t\t<\/div>\n\t\t\t\t<\/div>\n\t\t\t<\/div>\n\t\t<\/div>\n\t\t<div class=\"service-grid-wrapper tg_three_cols last  service-3 tile scale-anm all smoove disable_tablet slide-up\" data-delay=\"450\" data-minwidth=\"769\" data-move-y=\"60px\" style=\"background-image: url('https:\/\/www.priemariunida.lt\/wp-content\/uploads\/2024\/05\/PHT-053-683x1024.png');\">\n\t\t\t\t\t\t<a class=\"service-grid-link\" href=\"\/en\/accommodation\/small-double-room-with-balcony\/\" ><\/a>\n\t\t\t\t\t\t<div class=\"inner-wrap\">\n\t\t\t\t<div class=\"inner-wrap-border\">\n\t\t\t\t\t<div class=\"overflow-inner\">\n\t\t\t\t\t\t<div class=\"header-wrap\">\n\t\t\t\t\t\t\t\t\t\t\t\t\t\t<h2 class=\"service\"> Small Double Room with Balcony<\/h2>\n\t\t\t\t\t\t<\/div>\n\t\t\t\t\t\t<div class=\"hover-content\">\n\t\t\t\t\t\t\t<p>Size: 12 m2<br \/>Occupancy: 2 adults<br \/>1 double bed<br \/>Bathroom: walk-in shower<\/p>\t\t\t\t\t\t<\/div>\n\t\t\t\t\t<\/div>\n\t\t\t\t<\/div>\n\t\t\t<\/div>\n\t\t<\/div>\n<br class=\"clear\"\/>\n<\/div>\n<\/div>\t\t\t\t<\/div>\n\t\t\t\t<\/div>\n\t\t\t\t\t<\/div>\n\t\t<\/div>\n\t\t\t\t\t<\/div>\n\t\t<\/section>\n\t\t\t\t<section class=\"elementor-section elementor-top-section elementor-element elementor-element-7df560a elementor-section-boxed elementor-section-height-default elementor-section-height-default\" data-id=\"7df560a\" data-element_type=\"section\" data-e-type=\"section\" data-settings=\"{&quot;hoteller_ext_is_background_parallax&quot;:&quot;false&quot;,&quot;hoteller_ext_is_background_on_scroll&quot;:&quot;false&quot;}\">\n\t\t\t\t\t\t<div class=\"elementor-container elementor-column-gap-default\">\n\t\t\t\t\t<div class=\"elementor-column elementor-col-100 elementor-top-column elementor-element elementor-element-63b17d5\" data-id=\"63b17d5\" data-element_type=\"column\" data-e-type=\"column\" data-settings=\"{&quot;hoteller_ext_link_sidemenu&quot;:&quot;false&quot;,&quot;hoteller_ext_link_fullmenu&quot;:&quot;false&quot;,&quot;hoteller_ext_link_closed_fullmenu&quot;:&quot;false&quot;,&quot;hoteller_ext_is_scrollme&quot;:&quot;false&quot;,&quot;hoteller_ext_is_smoove&quot;:&quot;false&quot;,&quot;hoteller_ext_is_parallax_mouse&quot;:&quot;false&quot;,&quot;hoteller_ext_is_infinite&quot;:&quot;false&quot;,&quot;hoteller_ext_is_fadeout_animation&quot;:&quot;false&quot;,&quot;hoteller_ext_mobile_static&quot;:&quot;false&quot;}\">\n\t\t\t<div class=\"elementor-widget-wrap elementor-element-populated\">\n\t\t\t\t\t\t<div class=\"elementor-element elementor-element-b882bd4 elementor-widget elementor-widget-hoteller-service-grid\" data-id=\"b882bd4\" data-element_type=\"widget\" data-e-type=\"widget\" data-settings=\"{&quot;hoteller_ext_link_sidemenu&quot;:&quot;false&quot;,&quot;hoteller_ext_link_fullmenu&quot;:&quot;false&quot;,&quot;hoteller_ext_link_closed_fullmenu&quot;:&quot;false&quot;,&quot;hoteller_ext_is_scrollme&quot;:&quot;false&quot;,&quot;hoteller_ext_is_smoove&quot;:&quot;false&quot;,&quot;hoteller_ext_is_parallax_mouse&quot;:&quot;false&quot;,&quot;hoteller_ext_is_infinite&quot;:&quot;false&quot;,&quot;hoteller_ext_is_fadeout_animation&quot;:&quot;false&quot;,&quot;hoteller_ext_mobile_static&quot;:&quot;false&quot;}\" data-widget_type=\"hoteller-service-grid.default\">\n\t\t\t\t<div class=\"elementor-widget-container\">\n\t\t\t\t\t<div class=\"service-grid-container\">\n<div class=\"service-grid-content-wrapper layout-tg_three_cols \" data-cols=\"3\" data-offset=\"-50%\">\n\t\t<div class=\"service-grid-wrapper tg_three_cols   service-1 tile scale-anm all smoove disable_tablet slide-up\" data-delay=\"150\" data-minwidth=\"769\" data-move-y=\"60px\" style=\"background-image: url('https:\/\/www.priemariunida.lt\/wp-content\/uploads\/2023\/09\/PHT-020-683x1024.png');\">\n\t\t\t\t\t\t<a class=\"service-grid-link\" href=\"\/en\/accommodation\/standard-double-room\/\" ><\/a>\n\t\t\t\t\t\t<div class=\"inner-wrap\">\n\t\t\t\t<div class=\"inner-wrap-border\">\n\t\t\t\t\t<div class=\"overflow-inner\">\n\t\t\t\t\t\t<div class=\"header-wrap\">\n\t\t\t\t\t\t\t\t\t\t\t\t\t\t<h2 class=\"service\"> Standard Double Room<\/h2>\n\t\t\t\t\t\t<\/div>\n\t\t\t\t\t\t<div class=\"hover-content\">\n\t\t\t\t\t\t\t<p class=\"p1\">Size: 18 m<sup>2<br \/><\/sup>Occupancy: 2 adults<br \/>1 double bed<br \/>Bathroom: walk-in shower<\/p>\t\t\t\t\t\t<\/div>\n\t\t\t\t\t<\/div>\n\t\t\t\t<\/div>\n\t\t\t<\/div>\n\t\t<\/div>\n\t\t<div class=\"service-grid-wrapper tg_three_cols   service-2 tile scale-anm all smoove disable_tablet slide-up\" data-delay=\"300\" data-minwidth=\"769\" data-move-y=\"60px\" style=\"background-image: url('https:\/\/www.priemariunida.lt\/wp-content\/uploads\/2023\/09\/PHT-031-683x1024.png');\">\n\t\t\t\t\t\t<a class=\"service-grid-link\" href=\"\/en\/accommodation\/souterrain-double-room-with-lagoon-view\/\" ><\/a>\n\t\t\t\t\t\t<div class=\"inner-wrap\">\n\t\t\t\t<div class=\"inner-wrap-border\">\n\t\t\t\t\t<div class=\"overflow-inner\">\n\t\t\t\t\t\t<div class=\"header-wrap\">\n\t\t\t\t\t\t\t\t\t\t\t\t\t\t<h2 class=\"service\"> Souterrain Double Room with Lagoon View<\/h2>\n\t\t\t\t\t\t<\/div>\n\t\t\t\t\t\t<div class=\"hover-content\">\n\t\t\t\t\t\t\t<p class=\"p1\">Size: 20 m<sup>2<\/sup><br \/>Occuancy: 3 adults<br \/>1 double bed and 1 sofa bed<br \/>Bathroom: walk-in shower<\/p>\t\t\t\t\t\t<\/div>\n\t\t\t\t\t<\/div>\n\t\t\t\t<\/div>\n\t\t\t<\/div>\n\t\t<\/div>\n<br class=\"clear\"\/>\n<\/div>\n<\/div>\t\t\t\t<\/div>\n\t\t\t\t<\/div>\n\t\t\t\t\t<\/div>\n\t\t<\/div>\n\t\t\t\t\t<\/div>\n\t\t<\/section>\n\t\t\t\t<\/div>\n\t\t","protected":false},"excerpt":{"rendered":"<p>Our rooms Wake up to the gentle sound of waves crashing on the shore and step onto your private balcony to witness breathtaking sunrises. Where times slows down and the world feels just fine. Deluxe Double Room with Balcony Size: [&hellip;]<\/p>\n","protected":false},"author":1,"featured_media":0,"parent":0,"menu_order":0,"comment_status":"closed","ping_status":"closed","template":"elementor_header_footer","meta":{"footnotes":""},"class_list":["post-1555","page","type-page","status-publish","hentry"],"yoast_head":"<!-- This site is optimized with the Yoast SEO plugin v27.6 - https:\/\/yoast.com\/product\/yoast-seo-wordpress\/ -->\n<title>Rooms and Accommodation in Nida | Prie Mari\u0173<\/title>\n<meta name=\"description\" content=\"Explore rooms and accommodation in Nida, from cozy double rooms to options with balconies and lagoon views. Find the right stay for your trip.\" \/>\n<meta name=\"robots\" content=\"index, follow, max-snippet:-1, max-image-preview:large, max-video-preview:-1\" \/>\n<link rel=\"canonical\" href=\"https:\/\/www.priemariunida.lt\/musu-kambariai\/\" \/>\n<meta property=\"og:locale\" content=\"en_US\" \/>\n<meta property=\"og:type\" content=\"article\" \/>\n<meta property=\"og:title\" content=\"Rooms and Accommodation in Nida | Prie Mari\u0173\" \/>\n<meta property=\"og:description\" content=\"Explore rooms and accommodation in Nida, from cozy double rooms to options with balconies and lagoon views. Find the right stay for your trip.\" \/>\n<meta property=\"og:url\" content=\"https:\/\/www.priemariunida.lt\/musu-kambariai\/\" \/>\n<meta property=\"og:site_name\" content=\"Prie Mari\u0173 Nida\" \/>\n<meta property=\"article:publisher\" content=\"https:\/\/www.facebook.com\/PrieMariuNida\" \/>\n<meta property=\"article:modified_time\" content=\"2026-04-27T18:58:36+00:00\" \/>\n<meta name=\"twitter:card\" content=\"summary_large_image\" \/>\n<meta name=\"twitter:label1\" content=\"Est. reading time\" \/>\n\t<meta name=\"twitter:data1\" content=\"1 minute\" \/>\n<script type=\"application\/ld+json\" class=\"yoast-schema-graph\">{\"@context\":\"https:\\\/\\\/schema.org\",\"@graph\":[{\"@type\":\"WebPage\",\"@id\":\"https:\\\/\\\/www.priemariunida.lt\\\/musu-kambariai\\\/\",\"url\":\"https:\\\/\\\/www.priemariunida.lt\\\/musu-kambariai\\\/\",\"name\":\"Rooms and Accommodation in Nida | Prie Mari\u0173\",\"isPartOf\":{\"@id\":\"https:\\\/\\\/www.priemariunida.lt\\\/#website\"},\"datePublished\":\"2023-09-04T07:56:05+00:00\",\"dateModified\":\"2026-04-27T18:58:36+00:00\",\"description\":\"Explore rooms and accommodation in Nida, from cozy double rooms to options with balconies and lagoon views. Find the right stay for your trip.\",\"breadcrumb\":{\"@id\":\"https:\\\/\\\/www.priemariunida.lt\\\/musu-kambariai\\\/#breadcrumb\"},\"inLanguage\":\"en-US\",\"potentialAction\":[{\"@type\":\"ReadAction\",\"target\":[\"https:\\\/\\\/www.priemariunida.lt\\\/musu-kambariai\\\/\"]}]},{\"@type\":\"BreadcrumbList\",\"@id\":\"https:\\\/\\\/www.priemariunida.lt\\\/musu-kambariai\\\/#breadcrumb\",\"itemListElement\":[{\"@type\":\"ListItem\",\"position\":1,\"name\":\"Home\",\"item\":\"https:\\\/\\\/www.priemariunida.lt\\\/\"},{\"@type\":\"ListItem\",\"position\":2,\"name\":\"Our rooms\"}]},{\"@type\":\"WebSite\",\"@id\":\"https:\\\/\\\/www.priemariunida.lt\\\/#website\",\"url\":\"https:\\\/\\\/www.priemariunida.lt\\\/\",\"name\":\"Prie Mari\u0173 Nida\",\"description\":\"Patirkite savo Nid\u0105 \u010dia, tiesiai ant Kur\u0161i\u0173 mari\u0173 kranto\",\"publisher\":{\"@id\":\"https:\\\/\\\/www.priemariunida.lt\\\/#organization\"},\"potentialAction\":[{\"@type\":\"SearchAction\",\"target\":{\"@type\":\"EntryPoint\",\"urlTemplate\":\"https:\\\/\\\/www.priemariunida.lt\\\/?s={search_term_string}\"},\"query-input\":{\"@type\":\"PropertyValueSpecification\",\"valueRequired\":true,\"valueName\":\"search_term_string\"}}],\"inLanguage\":\"en-US\"},{\"@type\":\"Organization\",\"@id\":\"https:\\\/\\\/www.priemariunida.lt\\\/#organization\",\"name\":\"Prie Mari\u0173 Nida\",\"url\":\"https:\\\/\\\/www.priemariunida.lt\\\/\",\"logo\":{\"@type\":\"ImageObject\",\"inLanguage\":\"en-US\",\"@id\":\"https:\\\/\\\/www.priemariunida.lt\\\/#\\\/schema\\\/logo\\\/image\\\/\",\"url\":\"https:\\\/\\\/www.priemariunida.lt\\\/wp-content\\\/uploads\\\/2023\\\/09\\\/LOGO-colour.png\",\"contentUrl\":\"https:\\\/\\\/www.priemariunida.lt\\\/wp-content\\\/uploads\\\/2023\\\/09\\\/LOGO-colour.png\",\"width\":473,\"height\":111,\"caption\":\"Prie Mari\u0173 Nida\"},\"image\":{\"@id\":\"https:\\\/\\\/www.priemariunida.lt\\\/#\\\/schema\\\/logo\\\/image\\\/\"},\"sameAs\":[\"https:\\\/\\\/www.facebook.com\\\/PrieMariuNida\",\"https:\\\/\\\/www.instagram.com\\\/priemariunida\\\/\"]}]}<\/script>\n<!-- \/ Yoast SEO plugin. -->","yoast_head_json":{"title":"Rooms and Accommodation in Nida | Prie Mari\u0173","description":"Explore rooms and accommodation in Nida, from cozy double rooms to options with balconies and lagoon views. Find the right stay for your trip.","robots":{"index":"index","follow":"follow","max-snippet":"max-snippet:-1","max-image-preview":"max-image-preview:large","max-video-preview":"max-video-preview:-1"},"canonical":"https:\/\/www.priemariunida.lt\/musu-kambariai\/","og_locale":"en_US","og_type":"article","og_title":"Rooms and Accommodation in Nida | Prie Mari\u0173","og_description":"Explore rooms and accommodation in Nida, from cozy double rooms to options with balconies and lagoon views. Find the right stay for your trip.","og_url":"https:\/\/www.priemariunida.lt\/musu-kambariai\/","og_site_name":"Prie Mari\u0173 Nida","article_publisher":"https:\/\/www.facebook.com\/PrieMariuNida","article_modified_time":"2026-04-27T18:58:36+00:00","twitter_card":"summary_large_image","twitter_misc":{"Est. reading time":"1 minute"},"schema":{"@context":"https:\/\/schema.org","@graph":[{"@type":"WebPage","@id":"https:\/\/www.priemariunida.lt\/musu-kambariai\/","url":"https:\/\/www.priemariunida.lt\/musu-kambariai\/","name":"Rooms and Accommodation in Nida | Prie Mari\u0173","isPartOf":{"@id":"https:\/\/www.priemariunida.lt\/#website"},"datePublished":"2023-09-04T07:56:05+00:00","dateModified":"2026-04-27T18:58:36+00:00","description":"Explore rooms and accommodation in Nida, from cozy double rooms to options with balconies and lagoon views. Find the right stay for your trip.","breadcrumb":{"@id":"https:\/\/www.priemariunida.lt\/musu-kambariai\/#breadcrumb"},"inLanguage":"en-US","potentialAction":[{"@type":"ReadAction","target":["https:\/\/www.priemariunida.lt\/musu-kambariai\/"]}]},{"@type":"BreadcrumbList","@id":"https:\/\/www.priemariunida.lt\/musu-kambariai\/#breadcrumb","itemListElement":[{"@type":"ListItem","position":1,"name":"Home","item":"https:\/\/www.priemariunida.lt\/"},{"@type":"ListItem","position":2,"name":"Our rooms"}]},{"@type":"WebSite","@id":"https:\/\/www.priemariunida.lt\/#website","url":"https:\/\/www.priemariunida.lt\/","name":"Prie Mari\u0173 Nida","description":"Patirkite savo Nid\u0105 \u010dia, tiesiai ant Kur\u0161i\u0173 mari\u0173 kranto","publisher":{"@id":"https:\/\/www.priemariunida.lt\/#organization"},"potentialAction":[{"@type":"SearchAction","target":{"@type":"EntryPoint","urlTemplate":"https:\/\/www.priemariunida.lt\/?s={search_term_string}"},"query-input":{"@type":"PropertyValueSpecification","valueRequired":true,"valueName":"search_term_string"}}],"inLanguage":"en-US"},{"@type":"Organization","@id":"https:\/\/www.priemariunida.lt\/#organization","name":"Prie Mari\u0173 Nida","url":"https:\/\/www.priemariunida.lt\/","logo":{"@type":"ImageObject","inLanguage":"en-US","@id":"https:\/\/www.priemariunida.lt\/#\/schema\/logo\/image\/","url":"https:\/\/www.priemariunida.lt\/wp-content\/uploads\/2023\/09\/LOGO-colour.png","contentUrl":"https:\/\/www.priemariunida.lt\/wp-content\/uploads\/2023\/09\/LOGO-colour.png","width":473,"height":111,"caption":"Prie Mari\u0173 Nida"},"image":{"@id":"https:\/\/www.priemariunida.lt\/#\/schema\/logo\/image\/"},"sameAs":["https:\/\/www.facebook.com\/PrieMariuNida","https:\/\/www.instagram.com\/priemariunida\/"]}]}},"_links":{"self":[{"href":"https:\/\/www.priemariunida.lt\/en\/wp-json\/wp\/v2\/pages\/1555","targetHints":{"allow":["GET"]}}],"collection":[{"href":"https:\/\/www.priemariunida.lt\/en\/wp-json\/wp\/v2\/pages"}],"about":[{"href":"https:\/\/www.priemariunida.lt\/en\/wp-json\/wp\/v2\/types\/page"}],"author":[{"embeddable":true,"href":"https:\/\/www.priemariunida.lt\/en\/wp-json\/wp\/v2\/users\/1"}],"replies":[{"embeddable":true,"href":"https:\/\/www.priemariunida.lt\/en\/wp-json\/wp\/v2\/comments?post=1555"}],"version-history":[{"count":5,"href":"https:\/\/www.priemariunida.lt\/en\/wp-json\/wp\/v2\/pages\/1555\/revisions"}],"predecessor-version":[{"id":1857,"href":"https:\/\/www.priemariunida.lt\/en\/wp-json\/wp\/v2\/pages\/1555\/revisions\/1857"}],"wp:attachment":[{"href":"https:\/\/www.priemariunida.lt\/en\/wp-json\/wp\/v2\/media?parent=1555"}],"curies":[{"name":"wp","href":"https:\/\/api.w.org\/{rel}","templated":true}]}}