{"id":1528,"date":"2024-05-22T12:55:10","date_gmt":"2024-05-22T10:55:10","guid":{"rendered":"https:\/\/priemariu.dev.cypas.lt\/dovanu-kuponas\/"},"modified":"2026-03-19T17:01:32","modified_gmt":"2026-03-19T15:01:32","slug":"gift-voucher","status":"publish","type":"page","link":"https:\/\/www.priemariunida.lt\/en\/gift-voucher\/","title":{"rendered":"Gift voucher"},"content":{"rendered":"\t\t<div data-elementor-type=\"wp-page\" data-elementor-id=\"1528\" class=\"elementor elementor-1528 elementor-1329\">\n\t\t\t\t\t\t<section class=\"elementor-section elementor-top-section elementor-element elementor-element-920eb7e elementor-section-height-min-height elementor-section-items-bottom elementor-section-boxed elementor-section-height-default\" data-id=\"920eb7e\" data-element_type=\"section\" data-e-type=\"section\" data-settings=\"{&quot;background_background&quot;:&quot;classic&quot;,&quot;hoteller_ext_is_background_parallax&quot;:&quot;true&quot;,&quot;hoteller_ext_is_background_parallax_speed&quot;:{&quot;unit&quot;:&quot;px&quot;,&quot;size&quot;:0.1,&quot;sizes&quot;:[]},&quot;hoteller_ext_is_background_on_scroll&quot;:&quot;false&quot;}\">\n\t\t\t\t\t\t\t<div class=\"elementor-background-overlay\"><\/div>\n\t\t\t\t\t\t\t<div class=\"elementor-container elementor-column-gap-default\">\n\t\t\t\t\t<div class=\"elementor-column elementor-col-50 elementor-top-column elementor-element elementor-element-450e424c\" data-id=\"450e424c\" data-element_type=\"column\" data-e-type=\"column\" data-settings=\"{&quot;hoteller_ext_is_smoove&quot;:&quot;true&quot;,&quot;hoteller_ext_smoove_duration&quot;:800,&quot;hoteller_ext_smoove_translatey&quot;:{&quot;unit&quot;:&quot;px&quot;,&quot;size&quot;:60,&quot;sizes&quot;:[]},&quot;hoteller_ext_link_sidemenu&quot;:&quot;false&quot;,&quot;hoteller_ext_link_fullmenu&quot;:&quot;false&quot;,&quot;hoteller_ext_link_closed_fullmenu&quot;:&quot;false&quot;,&quot;hoteller_ext_is_scrollme&quot;:&quot;false&quot;,&quot;hoteller_ext_smoove_disable&quot;:1,&quot;hoteller_ext_smoove_scalex&quot;:{&quot;unit&quot;:&quot;px&quot;,&quot;size&quot;:1,&quot;sizes&quot;:[]},&quot;hoteller_ext_smoove_scaley&quot;:{&quot;unit&quot;:&quot;px&quot;,&quot;size&quot;:1,&quot;sizes&quot;:[]},&quot;hoteller_ext_smoove_rotatex&quot;:{&quot;unit&quot;:&quot;px&quot;,&quot;size&quot;:0,&quot;sizes&quot;:[]},&quot;hoteller_ext_smoove_rotatey&quot;:{&quot;unit&quot;:&quot;px&quot;,&quot;size&quot;:0,&quot;sizes&quot;:[]},&quot;hoteller_ext_smoove_rotatez&quot;:{&quot;unit&quot;:&quot;px&quot;,&quot;size&quot;:0,&quot;sizes&quot;:[]},&quot;hoteller_ext_smoove_translatex&quot;:{&quot;unit&quot;:&quot;px&quot;,&quot;size&quot;:0,&quot;sizes&quot;:[]},&quot;hoteller_ext_smoove_translatez&quot;:{&quot;unit&quot;:&quot;px&quot;,&quot;size&quot;:0,&quot;sizes&quot;:[]},&quot;hoteller_ext_smoove_skewx&quot;:{&quot;unit&quot;:&quot;px&quot;,&quot;size&quot;:0,&quot;sizes&quot;:[]},&quot;hoteller_ext_smoove_skewy&quot;:{&quot;unit&quot;:&quot;px&quot;,&quot;size&quot;:0,&quot;sizes&quot;:[]},&quot;hoteller_ext_smoove_perspective&quot;:{&quot;unit&quot;:&quot;px&quot;,&quot;size&quot;:1000,&quot;sizes&quot;:[]},&quot;hoteller_ext_is_parallax_mouse&quot;:&quot;false&quot;,&quot;hoteller_ext_is_infinite&quot;:&quot;false&quot;,&quot;hoteller_ext_is_fadeout_animation&quot;:&quot;false&quot;,&quot;hoteller_ext_mobile_static&quot;:&quot;false&quot;}\">\n\t\t\t<div class=\"elementor-widget-wrap elementor-element-populated\">\n\t\t\t\t\t\t<div class=\"elementor-element elementor-element-47c0c1b3 elementor-widget elementor-widget-heading\" data-id=\"47c0c1b3\" data-element_type=\"widget\" data-e-type=\"widget\" data-settings=\"{&quot;hoteller_ext_link_sidemenu&quot;:&quot;false&quot;,&quot;hoteller_ext_link_fullmenu&quot;:&quot;false&quot;,&quot;hoteller_ext_link_closed_fullmenu&quot;:&quot;false&quot;,&quot;hoteller_ext_is_scrollme&quot;:&quot;false&quot;,&quot;hoteller_ext_is_smoove&quot;:&quot;false&quot;,&quot;hoteller_ext_is_parallax_mouse&quot;:&quot;false&quot;,&quot;hoteller_ext_is_infinite&quot;:&quot;false&quot;,&quot;hoteller_ext_is_fadeout_animation&quot;:&quot;false&quot;,&quot;hoteller_ext_mobile_static&quot;:&quot;false&quot;}\" data-widget_type=\"heading.default\">\n\t\t\t\t<div class=\"elementor-widget-container\">\n\t\t\t\t\t<h1 class=\"elementor-heading-title elementor-size-default\">Gift voucher<\/h1>\t\t\t\t<\/div>\n\t\t\t\t<\/div>\n\t\t\t\t\t<\/div>\n\t\t<\/div>\n\t\t\t\t<div class=\"elementor-column elementor-col-50 elementor-top-column elementor-element elementor-element-59b61d1e\" data-id=\"59b61d1e\" data-element_type=\"column\" data-e-type=\"column\" data-settings=\"{&quot;hoteller_ext_is_smoove&quot;:&quot;true&quot;,&quot;hoteller_ext_smoove_duration&quot;:800,&quot;hoteller_ext_smoove_translatey&quot;:{&quot;unit&quot;:&quot;px&quot;,&quot;size&quot;:60,&quot;sizes&quot;:[]},&quot;hoteller_ext_link_sidemenu&quot;:&quot;false&quot;,&quot;hoteller_ext_link_fullmenu&quot;:&quot;false&quot;,&quot;hoteller_ext_link_closed_fullmenu&quot;:&quot;false&quot;,&quot;hoteller_ext_is_scrollme&quot;:&quot;false&quot;,&quot;hoteller_ext_smoove_disable&quot;:1,&quot;hoteller_ext_smoove_scalex&quot;:{&quot;unit&quot;:&quot;px&quot;,&quot;size&quot;:1,&quot;sizes&quot;:[]},&quot;hoteller_ext_smoove_scaley&quot;:{&quot;unit&quot;:&quot;px&quot;,&quot;size&quot;:1,&quot;sizes&quot;:[]},&quot;hoteller_ext_smoove_rotatex&quot;:{&quot;unit&quot;:&quot;px&quot;,&quot;size&quot;:0,&quot;sizes&quot;:[]},&quot;hoteller_ext_smoove_rotatey&quot;:{&quot;unit&quot;:&quot;px&quot;,&quot;size&quot;:0,&quot;sizes&quot;:[]},&quot;hoteller_ext_smoove_rotatez&quot;:{&quot;unit&quot;:&quot;px&quot;,&quot;size&quot;:0,&quot;sizes&quot;:[]},&quot;hoteller_ext_smoove_translatex&quot;:{&quot;unit&quot;:&quot;px&quot;,&quot;size&quot;:0,&quot;sizes&quot;:[]},&quot;hoteller_ext_smoove_translatez&quot;:{&quot;unit&quot;:&quot;px&quot;,&quot;size&quot;:0,&quot;sizes&quot;:[]},&quot;hoteller_ext_smoove_skewx&quot;:{&quot;unit&quot;:&quot;px&quot;,&quot;size&quot;:0,&quot;sizes&quot;:[]},&quot;hoteller_ext_smoove_skewy&quot;:{&quot;unit&quot;:&quot;px&quot;,&quot;size&quot;:0,&quot;sizes&quot;:[]},&quot;hoteller_ext_smoove_perspective&quot;:{&quot;unit&quot;:&quot;px&quot;,&quot;size&quot;:1000,&quot;sizes&quot;:[]},&quot;hoteller_ext_is_parallax_mouse&quot;:&quot;false&quot;,&quot;hoteller_ext_is_infinite&quot;:&quot;false&quot;,&quot;hoteller_ext_is_fadeout_animation&quot;:&quot;false&quot;,&quot;hoteller_ext_mobile_static&quot;:&quot;false&quot;}\">\n\t\t\t<div class=\"elementor-widget-wrap elementor-element-populated\">\n\t\t\t\t\t\t<div class=\"elementor-element elementor-element-3d547ec5 elementor-widget elementor-widget-heading\" data-id=\"3d547ec5\" data-element_type=\"widget\" data-e-type=\"widget\" data-settings=\"{&quot;hoteller_ext_link_sidemenu&quot;:&quot;false&quot;,&quot;hoteller_ext_link_fullmenu&quot;:&quot;false&quot;,&quot;hoteller_ext_link_closed_fullmenu&quot;:&quot;false&quot;,&quot;hoteller_ext_is_scrollme&quot;:&quot;false&quot;,&quot;hoteller_ext_is_smoove&quot;:&quot;false&quot;,&quot;hoteller_ext_is_parallax_mouse&quot;:&quot;false&quot;,&quot;hoteller_ext_is_infinite&quot;:&quot;false&quot;,&quot;hoteller_ext_is_fadeout_animation&quot;:&quot;false&quot;,&quot;hoteller_ext_mobile_static&quot;:&quot;false&quot;}\" data-widget_type=\"heading.default\">\n\t\t\t\t<div class=\"elementor-widget-container\">\n\t\t\t\t\t<h2 class=\"elementor-heading-title elementor-size-default\"><a href=\"#read-more\">Read more<\/a><\/h2>\t\t\t\t<\/div>\n\t\t\t\t<\/div>\n\t\t\t\t\t<\/div>\n\t\t<\/div>\n\t\t\t\t\t<\/div>\n\t\t<\/section>\n\t\t\t\t<section class=\"elementor-section elementor-top-section elementor-element elementor-element-5ff96de elementor-section-boxed elementor-section-height-default elementor-section-height-default\" data-id=\"5ff96de\" data-element_type=\"section\" data-e-type=\"section\" id=\"read-more\" data-settings=\"{&quot;hoteller_ext_is_background_parallax&quot;:&quot;false&quot;,&quot;hoteller_ext_is_background_on_scroll&quot;:&quot;false&quot;}\">\n\t\t\t\t\t\t<div class=\"elementor-container elementor-column-gap-default\">\n\t\t\t\t\t<div class=\"elementor-column elementor-col-66 elementor-top-column elementor-element elementor-element-23737a51\" data-id=\"23737a51\" data-element_type=\"column\" data-e-type=\"column\" data-settings=\"{&quot;hoteller_ext_link_sidemenu&quot;:&quot;false&quot;,&quot;hoteller_ext_link_fullmenu&quot;:&quot;false&quot;,&quot;hoteller_ext_link_closed_fullmenu&quot;:&quot;false&quot;,&quot;hoteller_ext_is_scrollme&quot;:&quot;false&quot;,&quot;hoteller_ext_is_smoove&quot;:&quot;false&quot;,&quot;hoteller_ext_is_parallax_mouse&quot;:&quot;false&quot;,&quot;hoteller_ext_is_infinite&quot;:&quot;false&quot;,&quot;hoteller_ext_is_fadeout_animation&quot;:&quot;false&quot;,&quot;hoteller_ext_mobile_static&quot;:&quot;false&quot;}\">\n\t\t\t<div class=\"elementor-widget-wrap elementor-element-populated\">\n\t\t\t\t\t\t<div class=\"elementor-element elementor-element-42b1bae6 elementor-widget elementor-widget-heading\" data-id=\"42b1bae6\" data-element_type=\"widget\" data-e-type=\"widget\" data-settings=\"{&quot;hoteller_ext_is_smoove&quot;:&quot;true&quot;,&quot;hoteller_ext_smoove_duration&quot;:800,&quot;hoteller_ext_smoove_translatey&quot;:{&quot;unit&quot;:&quot;px&quot;,&quot;size&quot;:40,&quot;sizes&quot;:[]},&quot;hoteller_ext_link_sidemenu&quot;:&quot;false&quot;,&quot;hoteller_ext_link_fullmenu&quot;:&quot;false&quot;,&quot;hoteller_ext_link_closed_fullmenu&quot;:&quot;false&quot;,&quot;hoteller_ext_is_scrollme&quot;:&quot;false&quot;,&quot;hoteller_ext_smoove_disable&quot;:1,&quot;hoteller_ext_smoove_scalex&quot;:{&quot;unit&quot;:&quot;px&quot;,&quot;size&quot;:1,&quot;sizes&quot;:[]},&quot;hoteller_ext_smoove_scaley&quot;:{&quot;unit&quot;:&quot;px&quot;,&quot;size&quot;:1,&quot;sizes&quot;:[]},&quot;hoteller_ext_smoove_rotatex&quot;:{&quot;unit&quot;:&quot;px&quot;,&quot;size&quot;:0,&quot;sizes&quot;:[]},&quot;hoteller_ext_smoove_rotatey&quot;:{&quot;unit&quot;:&quot;px&quot;,&quot;size&quot;:0,&quot;sizes&quot;:[]},&quot;hoteller_ext_smoove_rotatez&quot;:{&quot;unit&quot;:&quot;px&quot;,&quot;size&quot;:0,&quot;sizes&quot;:[]},&quot;hoteller_ext_smoove_translatex&quot;:{&quot;unit&quot;:&quot;px&quot;,&quot;size&quot;:0,&quot;sizes&quot;:[]},&quot;hoteller_ext_smoove_translatez&quot;:{&quot;unit&quot;:&quot;px&quot;,&quot;size&quot;:0,&quot;sizes&quot;:[]},&quot;hoteller_ext_smoove_skewx&quot;:{&quot;unit&quot;:&quot;px&quot;,&quot;size&quot;:0,&quot;sizes&quot;:[]},&quot;hoteller_ext_smoove_skewy&quot;:{&quot;unit&quot;:&quot;px&quot;,&quot;size&quot;:0,&quot;sizes&quot;:[]},&quot;hoteller_ext_smoove_perspective&quot;:{&quot;unit&quot;:&quot;px&quot;,&quot;size&quot;:1000,&quot;sizes&quot;:[]},&quot;hoteller_ext_is_parallax_mouse&quot;:&quot;false&quot;,&quot;hoteller_ext_is_infinite&quot;:&quot;false&quot;,&quot;hoteller_ext_is_fadeout_animation&quot;:&quot;false&quot;,&quot;hoteller_ext_mobile_static&quot;:&quot;false&quot;}\" data-widget_type=\"heading.default\">\n\t\t\t\t<div class=\"elementor-widget-container\">\n\t\t\t\t\t<h2 class=\"elementor-heading-title elementor-size-default\">Gift vouchers can be purchased for any amount specified by you based on the current price list.<br \/><br \/>\nTo extend the stay in our guest house, the voucher holder covers the price difference.<br \/><br \/>\nThe voucher is valid for 6 months from the date of purchase, and its validity period is not extendable, nor are the funds refundable.<br \/><br \/>\nFor the purchase, payment, and details of vouchers, please contact us by email at labas@priemariunida.lt or via private message on Facebook\/Instagram accounts. Gift vouchers are sent via email in PDF format.\n<\/h2>\t\t\t\t<\/div>\n\t\t\t\t<\/div>\n\t\t\t\t\t<\/div>\n\t\t<\/div>\n\t\t\t\t<div class=\"elementor-column elementor-col-33 elementor-top-column elementor-element elementor-element-2ac7d357\" data-id=\"2ac7d357\" data-element_type=\"column\" data-e-type=\"column\" data-settings=\"{&quot;hoteller_ext_link_sidemenu&quot;:&quot;false&quot;,&quot;hoteller_ext_link_fullmenu&quot;:&quot;false&quot;,&quot;hoteller_ext_link_closed_fullmenu&quot;:&quot;false&quot;,&quot;hoteller_ext_is_scrollme&quot;:&quot;false&quot;,&quot;hoteller_ext_is_smoove&quot;:&quot;false&quot;,&quot;hoteller_ext_is_parallax_mouse&quot;:&quot;false&quot;,&quot;hoteller_ext_is_infinite&quot;:&quot;false&quot;,&quot;hoteller_ext_is_fadeout_animation&quot;:&quot;false&quot;,&quot;hoteller_ext_mobile_static&quot;:&quot;false&quot;}\">\n\t\t\t<div class=\"elementor-widget-wrap elementor-element-populated\">\n\t\t\t\t\t\t<div class=\"elementor-element elementor-element-2b6ecb6e elementor-widget elementor-widget-image\" data-id=\"2b6ecb6e\" data-element_type=\"widget\" data-e-type=\"widget\" data-settings=\"{&quot;hoteller_ext_is_smoove&quot;:&quot;true&quot;,&quot;hoteller_ext_smoove_duration&quot;:800,&quot;hoteller_ext_smoove_translatey&quot;:{&quot;unit&quot;:&quot;px&quot;,&quot;size&quot;:40,&quot;sizes&quot;:[]},&quot;hoteller_image_is_animation&quot;:&quot;false&quot;,&quot;hoteller_ext_link_sidemenu&quot;:&quot;false&quot;,&quot;hoteller_ext_link_fullmenu&quot;:&quot;false&quot;,&quot;hoteller_ext_link_closed_fullmenu&quot;:&quot;false&quot;,&quot;hoteller_ext_is_scrollme&quot;:&quot;false&quot;,&quot;hoteller_ext_smoove_disable&quot;:1,&quot;hoteller_ext_smoove_scalex&quot;:{&quot;unit&quot;:&quot;px&quot;,&quot;size&quot;:1,&quot;sizes&quot;:[]},&quot;hoteller_ext_smoove_scaley&quot;:{&quot;unit&quot;:&quot;px&quot;,&quot;size&quot;:1,&quot;sizes&quot;:[]},&quot;hoteller_ext_smoove_rotatex&quot;:{&quot;unit&quot;:&quot;px&quot;,&quot;size&quot;:0,&quot;sizes&quot;:[]},&quot;hoteller_ext_smoove_rotatey&quot;:{&quot;unit&quot;:&quot;px&quot;,&quot;size&quot;:0,&quot;sizes&quot;:[]},&quot;hoteller_ext_smoove_rotatez&quot;:{&quot;unit&quot;:&quot;px&quot;,&quot;size&quot;:0,&quot;sizes&quot;:[]},&quot;hoteller_ext_smoove_translatex&quot;:{&quot;unit&quot;:&quot;px&quot;,&quot;size&quot;:0,&quot;sizes&quot;:[]},&quot;hoteller_ext_smoove_translatez&quot;:{&quot;unit&quot;:&quot;px&quot;,&quot;size&quot;:0,&quot;sizes&quot;:[]},&quot;hoteller_ext_smoove_skewx&quot;:{&quot;unit&quot;:&quot;px&quot;,&quot;size&quot;:0,&quot;sizes&quot;:[]},&quot;hoteller_ext_smoove_skewy&quot;:{&quot;unit&quot;:&quot;px&quot;,&quot;size&quot;:0,&quot;sizes&quot;:[]},&quot;hoteller_ext_smoove_perspective&quot;:{&quot;unit&quot;:&quot;px&quot;,&quot;size&quot;:1000,&quot;sizes&quot;:[]},&quot;hoteller_ext_is_parallax_mouse&quot;:&quot;false&quot;,&quot;hoteller_ext_is_infinite&quot;:&quot;false&quot;,&quot;hoteller_ext_is_fadeout_animation&quot;:&quot;false&quot;,&quot;hoteller_ext_mobile_static&quot;:&quot;false&quot;}\" data-widget_type=\"image.default\">\n\t\t\t\t<div class=\"elementor-widget-container\">\n\t\t\t\t\t\t\t\t\t\t\t\t\t\t\t<img fetchpriority=\"high\" decoding=\"async\" width=\"755\" height=\"1024\" src=\"https:\/\/www.priemariunida.lt\/wp-content\/uploads\/2025\/11\/DSCF3823-755x1024.jpg\" class=\"attachment-large size-large wp-image-1804\" alt=\"Gift Voucher\" srcset=\"https:\/\/www.priemariunida.lt\/wp-content\/uploads\/2025\/11\/DSCF3823-755x1024.jpg 755w, https:\/\/www.priemariunida.lt\/wp-content\/uploads\/2025\/11\/DSCF3823-221x300.jpg 221w, https:\/\/www.priemariunida.lt\/wp-content\/uploads\/2025\/11\/DSCF3823-768x1041.jpg 768w, https:\/\/www.priemariunida.lt\/wp-content\/uploads\/2025\/11\/DSCF3823-1133x1536.jpg 1133w, https:\/\/www.priemariunida.lt\/wp-content\/uploads\/2025\/11\/DSCF3823-1510x2048.jpg 1510w, https:\/\/www.priemariunida.lt\/wp-content\/uploads\/2025\/11\/DSCF3823-440x597.jpg 440w, https:\/\/www.priemariunida.lt\/wp-content\/uploads\/2025\/11\/DSCF3823-scaled.jpg 1888w\" sizes=\"(max-width: 755px) 100vw, 755px\" \/>\t\t\t\t\t\t\t\t\t\t\t\t\t\t\t<\/div>\n\t\t\t\t<\/div>\n\t\t\t\t\t<\/div>\n\t\t<\/div>\n\t\t\t\t\t<\/div>\n\t\t<\/section>\n\t\t\t\t<\/div>\n\t\t","protected":false},"excerpt":{"rendered":"<p>Gift voucher Read more Gift vouchers can be purchased for any amount specified by you based on the current price list. To extend the stay in our guest house, the voucher holder covers the price difference. The voucher is valid [&hellip;]<\/p>\n","protected":false},"author":1,"featured_media":0,"parent":0,"menu_order":0,"comment_status":"closed","ping_status":"closed","template":"elementor_header_footer","meta":{"footnotes":""},"class_list":["post-1528","page","type-page","status-publish","hentry"],"yoast_head":"<!-- This site is optimized with the Yoast SEO plugin v27.6 - https:\/\/yoast.com\/product\/yoast-seo-wordpress\/ -->\n<title>Gift Voucher for Accommodation in Nida | Prie Mari\u0173<\/title>\n<meta name=\"description\" content=\"Give the gift of a relaxing stay in Nida with a Prie Mari\u0173 gift voucher for cozy accommodation by the lagoon.\" \/>\n<meta name=\"robots\" content=\"index, follow, max-snippet:-1, max-image-preview:large, max-video-preview:-1\" \/>\n<link rel=\"canonical\" href=\"https:\/\/www.priemariunida.lt\/en\/gift-voucher\/\" \/>\n<meta property=\"og:locale\" content=\"en_US\" \/>\n<meta property=\"og:type\" content=\"article\" \/>\n<meta property=\"og:title\" content=\"Gift Voucher for Accommodation in Nida | Prie Mari\u0173\" \/>\n<meta property=\"og:description\" content=\"Give the gift of a relaxing stay in Nida with a Prie Mari\u0173 gift voucher for cozy accommodation by the lagoon.\" \/>\n<meta property=\"og:url\" content=\"https:\/\/www.priemariunida.lt\/en\/gift-voucher\/\" \/>\n<meta property=\"og:site_name\" content=\"Prie Mari\u0173 Nida\" \/>\n<meta property=\"article:publisher\" content=\"https:\/\/www.facebook.com\/PrieMariuNida\" \/>\n<meta property=\"article:modified_time\" content=\"2026-03-19T15:01:32+00:00\" \/>\n<meta property=\"og:image\" content=\"https:\/\/www.priemariunida.lt\/wp-content\/uploads\/2025\/11\/DSCF3823-755x1024.jpg\" \/>\n<meta name=\"twitter:card\" content=\"summary_large_image\" \/>\n<meta name=\"twitter:label1\" content=\"Est. reading time\" \/>\n\t<meta name=\"twitter:data1\" content=\"1 minute\" \/>\n<script type=\"application\/ld+json\" class=\"yoast-schema-graph\">{\"@context\":\"https:\\\/\\\/schema.org\",\"@graph\":[{\"@type\":\"WebPage\",\"@id\":\"https:\\\/\\\/www.priemariunida.lt\\\/en\\\/gift-voucher\\\/\",\"url\":\"https:\\\/\\\/www.priemariunida.lt\\\/en\\\/gift-voucher\\\/\",\"name\":\"Gift Voucher for Accommodation in Nida | Prie Mari\u0173\",\"isPartOf\":{\"@id\":\"https:\\\/\\\/www.priemariunida.lt\\\/#website\"},\"primaryImageOfPage\":{\"@id\":\"https:\\\/\\\/www.priemariunida.lt\\\/en\\\/gift-voucher\\\/#primaryimage\"},\"image\":{\"@id\":\"https:\\\/\\\/www.priemariunida.lt\\\/en\\\/gift-voucher\\\/#primaryimage\"},\"thumbnailUrl\":\"https:\\\/\\\/www.priemariunida.lt\\\/wp-content\\\/uploads\\\/2025\\\/11\\\/DSCF3823-755x1024.jpg\",\"datePublished\":\"2024-05-22T10:55:10+00:00\",\"dateModified\":\"2026-03-19T15:01:32+00:00\",\"description\":\"Give the gift of a relaxing stay in Nida with a Prie Mari\u0173 gift voucher for cozy accommodation by the lagoon.\",\"breadcrumb\":{\"@id\":\"https:\\\/\\\/www.priemariunida.lt\\\/en\\\/gift-voucher\\\/#breadcrumb\"},\"inLanguage\":\"en-US\",\"potentialAction\":[{\"@type\":\"ReadAction\",\"target\":[\"https:\\\/\\\/www.priemariunida.lt\\\/en\\\/gift-voucher\\\/\"]}]},{\"@type\":\"ImageObject\",\"inLanguage\":\"en-US\",\"@id\":\"https:\\\/\\\/www.priemariunida.lt\\\/en\\\/gift-voucher\\\/#primaryimage\",\"url\":\"https:\\\/\\\/www.priemariunida.lt\\\/wp-content\\\/uploads\\\/2025\\\/11\\\/DSCF3823-755x1024.jpg\",\"contentUrl\":\"https:\\\/\\\/www.priemariunida.lt\\\/wp-content\\\/uploads\\\/2025\\\/11\\\/DSCF3823-755x1024.jpg\"},{\"@type\":\"BreadcrumbList\",\"@id\":\"https:\\\/\\\/www.priemariunida.lt\\\/en\\\/gift-voucher\\\/#breadcrumb\",\"itemListElement\":[{\"@type\":\"ListItem\",\"position\":1,\"name\":\"Home\",\"item\":\"https:\\\/\\\/www.priemariunida.lt\\\/\"},{\"@type\":\"ListItem\",\"position\":2,\"name\":\"Gift voucher\"}]},{\"@type\":\"WebSite\",\"@id\":\"https:\\\/\\\/www.priemariunida.lt\\\/#website\",\"url\":\"https:\\\/\\\/www.priemariunida.lt\\\/\",\"name\":\"Prie Mari\u0173 Nida\",\"description\":\"Patirkite savo Nid\u0105 \u010dia, tiesiai ant Kur\u0161i\u0173 mari\u0173 kranto\",\"publisher\":{\"@id\":\"https:\\\/\\\/www.priemariunida.lt\\\/#organization\"},\"potentialAction\":[{\"@type\":\"SearchAction\",\"target\":{\"@type\":\"EntryPoint\",\"urlTemplate\":\"https:\\\/\\\/www.priemariunida.lt\\\/?s={search_term_string}\"},\"query-input\":{\"@type\":\"PropertyValueSpecification\",\"valueRequired\":true,\"valueName\":\"search_term_string\"}}],\"inLanguage\":\"en-US\"},{\"@type\":\"Organization\",\"@id\":\"https:\\\/\\\/www.priemariunida.lt\\\/#organization\",\"name\":\"Prie Mari\u0173 Nida\",\"url\":\"https:\\\/\\\/www.priemariunida.lt\\\/\",\"logo\":{\"@type\":\"ImageObject\",\"inLanguage\":\"en-US\",\"@id\":\"https:\\\/\\\/www.priemariunida.lt\\\/#\\\/schema\\\/logo\\\/image\\\/\",\"url\":\"https:\\\/\\\/www.priemariunida.lt\\\/wp-content\\\/uploads\\\/2023\\\/09\\\/LOGO-colour.png\",\"contentUrl\":\"https:\\\/\\\/www.priemariunida.lt\\\/wp-content\\\/uploads\\\/2023\\\/09\\\/LOGO-colour.png\",\"width\":473,\"height\":111,\"caption\":\"Prie Mari\u0173 Nida\"},\"image\":{\"@id\":\"https:\\\/\\\/www.priemariunida.lt\\\/#\\\/schema\\\/logo\\\/image\\\/\"},\"sameAs\":[\"https:\\\/\\\/www.facebook.com\\\/PrieMariuNida\",\"https:\\\/\\\/www.instagram.com\\\/priemariunida\\\/\"]}]}<\/script>\n<!-- \/ Yoast SEO plugin. -->","yoast_head_json":{"title":"Gift Voucher for Accommodation in Nida | Prie Mari\u0173","description":"Give the gift of a relaxing stay in Nida with a Prie Mari\u0173 gift voucher for cozy accommodation by the lagoon.","robots":{"index":"index","follow":"follow","max-snippet":"max-snippet:-1","max-image-preview":"max-image-preview:large","max-video-preview":"max-video-preview:-1"},"canonical":"https:\/\/www.priemariunida.lt\/en\/gift-voucher\/","og_locale":"en_US","og_type":"article","og_title":"Gift Voucher for Accommodation in Nida | Prie Mari\u0173","og_description":"Give the gift of a relaxing stay in Nida with a Prie Mari\u0173 gift voucher for cozy accommodation by the lagoon.","og_url":"https:\/\/www.priemariunida.lt\/en\/gift-voucher\/","og_site_name":"Prie Mari\u0173 Nida","article_publisher":"https:\/\/www.facebook.com\/PrieMariuNida","article_modified_time":"2026-03-19T15:01:32+00:00","og_image":[{"url":"https:\/\/www.priemariunida.lt\/wp-content\/uploads\/2025\/11\/DSCF3823-755x1024.jpg","type":"","width":"","height":""}],"twitter_card":"summary_large_image","twitter_misc":{"Est. reading time":"1 minute"},"schema":{"@context":"https:\/\/schema.org","@graph":[{"@type":"WebPage","@id":"https:\/\/www.priemariunida.lt\/en\/gift-voucher\/","url":"https:\/\/www.priemariunida.lt\/en\/gift-voucher\/","name":"Gift Voucher for Accommodation in Nida | Prie Mari\u0173","isPartOf":{"@id":"https:\/\/www.priemariunida.lt\/#website"},"primaryImageOfPage":{"@id":"https:\/\/www.priemariunida.lt\/en\/gift-voucher\/#primaryimage"},"image":{"@id":"https:\/\/www.priemariunida.lt\/en\/gift-voucher\/#primaryimage"},"thumbnailUrl":"https:\/\/www.priemariunida.lt\/wp-content\/uploads\/2025\/11\/DSCF3823-755x1024.jpg","datePublished":"2024-05-22T10:55:10+00:00","dateModified":"2026-03-19T15:01:32+00:00","description":"Give the gift of a relaxing stay in Nida with a Prie Mari\u0173 gift voucher for cozy accommodation by the lagoon.","breadcrumb":{"@id":"https:\/\/www.priemariunida.lt\/en\/gift-voucher\/#breadcrumb"},"inLanguage":"en-US","potentialAction":[{"@type":"ReadAction","target":["https:\/\/www.priemariunida.lt\/en\/gift-voucher\/"]}]},{"@type":"ImageObject","inLanguage":"en-US","@id":"https:\/\/www.priemariunida.lt\/en\/gift-voucher\/#primaryimage","url":"https:\/\/www.priemariunida.lt\/wp-content\/uploads\/2025\/11\/DSCF3823-755x1024.jpg","contentUrl":"https:\/\/www.priemariunida.lt\/wp-content\/uploads\/2025\/11\/DSCF3823-755x1024.jpg"},{"@type":"BreadcrumbList","@id":"https:\/\/www.priemariunida.lt\/en\/gift-voucher\/#breadcrumb","itemListElement":[{"@type":"ListItem","position":1,"name":"Home","item":"https:\/\/www.priemariunida.lt\/"},{"@type":"ListItem","position":2,"name":"Gift voucher"}]},{"@type":"WebSite","@id":"https:\/\/www.priemariunida.lt\/#website","url":"https:\/\/www.priemariunida.lt\/","name":"Prie Mari\u0173 Nida","description":"Patirkite savo Nid\u0105 \u010dia, tiesiai ant Kur\u0161i\u0173 mari\u0173 kranto","publisher":{"@id":"https:\/\/www.priemariunida.lt\/#organization"},"potentialAction":[{"@type":"SearchAction","target":{"@type":"EntryPoint","urlTemplate":"https:\/\/www.priemariunida.lt\/?s={search_term_string}"},"query-input":{"@type":"PropertyValueSpecification","valueRequired":true,"valueName":"search_term_string"}}],"inLanguage":"en-US"},{"@type":"Organization","@id":"https:\/\/www.priemariunida.lt\/#organization","name":"Prie Mari\u0173 Nida","url":"https:\/\/www.priemariunida.lt\/","logo":{"@type":"ImageObject","inLanguage":"en-US","@id":"https:\/\/www.priemariunida.lt\/#\/schema\/logo\/image\/","url":"https:\/\/www.priemariunida.lt\/wp-content\/uploads\/2023\/09\/LOGO-colour.png","contentUrl":"https:\/\/www.priemariunida.lt\/wp-content\/uploads\/2023\/09\/LOGO-colour.png","width":473,"height":111,"caption":"Prie Mari\u0173 Nida"},"image":{"@id":"https:\/\/www.priemariunida.lt\/#\/schema\/logo\/image\/"},"sameAs":["https:\/\/www.facebook.com\/PrieMariuNida","https:\/\/www.instagram.com\/priemariunida\/"]}]}},"_links":{"self":[{"href":"https:\/\/www.priemariunida.lt\/en\/wp-json\/wp\/v2\/pages\/1528","targetHints":{"allow":["GET"]}}],"collection":[{"href":"https:\/\/www.priemariunida.lt\/en\/wp-json\/wp\/v2\/pages"}],"about":[{"href":"https:\/\/www.priemariunida.lt\/en\/wp-json\/wp\/v2\/types\/page"}],"author":[{"embeddable":true,"href":"https:\/\/www.priemariunida.lt\/en\/wp-json\/wp\/v2\/users\/1"}],"replies":[{"embeddable":true,"href":"https:\/\/www.priemariunida.lt\/en\/wp-json\/wp\/v2\/comments?post=1528"}],"version-history":[{"count":5,"href":"https:\/\/www.priemariunida.lt\/en\/wp-json\/wp\/v2\/pages\/1528\/revisions"}],"predecessor-version":[{"id":1842,"href":"https:\/\/www.priemariunida.lt\/en\/wp-json\/wp\/v2\/pages\/1528\/revisions\/1842"}],"wp:attachment":[{"href":"https:\/\/www.priemariunida.lt\/en\/wp-json\/wp\/v2\/media?parent=1528"}],"curies":[{"name":"wp","href":"https:\/\/api.w.org\/{rel}","templated":true}]}}